{"id":4851,"date":"2021-06-18T09:16:27","date_gmt":"2021-06-18T09:16:27","guid":{"rendered":"http:\/\/hotelbotterweck.nl\/praktische-informatie\/"},"modified":"2024-02-15T13:21:59","modified_gmt":"2024-02-15T13:21:59","slug":"praktische-information","status":"publish","type":"page","link":"http:\/\/hotelbotterweck.nl\/de\/praktische-information\/","title":{"rendered":"Praktische Info"},"content":{"rendered":"","protected":false},"excerpt":{"rendered":"","protected":false},"author":1,"featured_media":0,"parent":0,"menu_order":0,"comment_status":"closed","ping_status":"closed","template":"","meta":{"_monsterinsights_skip_tracking":false,"_monsterinsights_sitenote_active":false,"_monsterinsights_sitenote_note":"","_monsterinsights_sitenote_category":0,"footnotes":""},"class_list":["post-4851","page","type-page","status-publish","hentry"],"yoast_head":"<!-- This site is optimized with the Yoast SEO plugin v26.0 - https:\/\/yoast.com\/wordpress\/plugins\/seo\/ -->\n<title>Praktische Info | Hotel Botterweck<\/title>\n<meta name=\"description\" content=\"Tiefstpreisgarantie! Genie\u00dfen Sie eine luxuri\u00f6se \u00dcbernachtung im Hotel Botterweck in Valkenburg. Wundersch\u00f6n in der Landschaft von S\u00fcd-Limburg gelegen.\" \/>\n<meta name=\"robots\" content=\"index, follow, max-snippet:-1, max-image-preview:large, max-video-preview:-1\" \/>\n<link rel=\"canonical\" href=\"http:\/\/hotelbotterweck.nl\/de\/praktische-information\/\" \/>\n<meta property=\"og:locale\" content=\"de_DE\" \/>\n<meta property=\"og:type\" content=\"article\" \/>\n<meta property=\"og:title\" content=\"Praktische Info | Hotel Botterweck\" \/>\n<meta property=\"og:description\" content=\"Tiefstpreisgarantie! Genie\u00dfen Sie eine luxuri\u00f6se \u00dcbernachtung im Hotel Botterweck in Valkenburg. Wundersch\u00f6n in der Landschaft von S\u00fcd-Limburg gelegen.\" \/>\n<meta property=\"og:url\" content=\"http:\/\/hotelbotterweck.nl\/de\/praktische-information\/\" \/>\n<meta property=\"og:site_name\" content=\"Hotel Botterweck\" \/>\n<meta property=\"article:publisher\" content=\"https:\/\/www.facebook.com\/botterweckhotels\/\" \/>\n<meta property=\"article:modified_time\" content=\"2024-02-15T13:21:59+00:00\" \/>\n<meta name=\"twitter:card\" content=\"summary_large_image\" \/>\n<script type=\"application\/ld+json\" class=\"yoast-schema-graph\">{\"@context\":\"https:\/\/schema.org\",\"@graph\":[{\"@type\":\"WebPage\",\"@id\":\"http:\/\/hotelbotterweck.nl\/de\/praktische-information\/\",\"url\":\"http:\/\/hotelbotterweck.nl\/de\/praktische-information\/\",\"name\":\"Praktische Info | Hotel Botterweck\",\"isPartOf\":{\"@id\":\"https:\/\/hotelbotterweck.nl\/de\/#website\"},\"datePublished\":\"2021-06-18T09:16:27+00:00\",\"dateModified\":\"2024-02-15T13:21:59+00:00\",\"description\":\"Tiefstpreisgarantie! Genie\u00dfen Sie eine luxuri\u00f6se \u00dcbernachtung im Hotel Botterweck in Valkenburg. Wundersch\u00f6n in der Landschaft von S\u00fcd-Limburg gelegen.\",\"breadcrumb\":{\"@id\":\"http:\/\/hotelbotterweck.nl\/de\/praktische-information\/#breadcrumb\"},\"inLanguage\":\"de\",\"potentialAction\":[{\"@type\":\"ReadAction\",\"target\":[\"http:\/\/hotelbotterweck.nl\/de\/praktische-information\/\"]}]},{\"@type\":\"BreadcrumbList\",\"@id\":\"http:\/\/hotelbotterweck.nl\/de\/praktische-information\/#breadcrumb\",\"itemListElement\":[{\"@type\":\"ListItem\",\"position\":1,\"name\":\"Home\",\"item\":\"https:\/\/hotelbotterweck.nl\/de\/\"},{\"@type\":\"ListItem\",\"position\":2,\"name\":\"Praktische Info\"}]},{\"@type\":\"WebSite\",\"@id\":\"https:\/\/hotelbotterweck.nl\/de\/#website\",\"url\":\"https:\/\/hotelbotterweck.nl\/de\/\",\"name\":\"Hotel Botterweck\",\"description\":\"Hotel Botterweck\",\"publisher\":{\"@id\":\"https:\/\/hotelbotterweck.nl\/de\/#organization\"},\"potentialAction\":[{\"@type\":\"SearchAction\",\"target\":{\"@type\":\"EntryPoint\",\"urlTemplate\":\"https:\/\/hotelbotterweck.nl\/de\/?s={search_term_string}\"},\"query-input\":{\"@type\":\"PropertyValueSpecification\",\"valueRequired\":true,\"valueName\":\"search_term_string\"}}],\"inLanguage\":\"de\"},{\"@type\":\"Organization\",\"@id\":\"https:\/\/hotelbotterweck.nl\/de\/#organization\",\"name\":\"Hotel Botterweck\",\"url\":\"https:\/\/hotelbotterweck.nl\/de\/\",\"logo\":{\"@type\":\"ImageObject\",\"inLanguage\":\"de\",\"@id\":\"https:\/\/hotelbotterweck.nl\/de\/#\/schema\/logo\/image\/\",\"url\":\"https:\/\/hotelbotterweck.nl\/wp-content\/uploads\/2021\/06\/logo-hotel-botterweck.png\",\"contentUrl\":\"https:\/\/hotelbotterweck.nl\/wp-content\/uploads\/2021\/06\/logo-hotel-botterweck.png\",\"width\":1200,\"height\":450,\"caption\":\"Hotel Botterweck\"},\"image\":{\"@id\":\"https:\/\/hotelbotterweck.nl\/de\/#\/schema\/logo\/image\/\"},\"sameAs\":[\"https:\/\/www.facebook.com\/botterweckhotels\/\",\"https:\/\/www.instagram.com\/hotelbotterweck\/\"]}]}<\/script>\n<!-- \/ Yoast SEO plugin. -->","yoast_head_json":{"title":"Praktische Info | Hotel Botterweck","description":"Tiefstpreisgarantie! Genie\u00dfen Sie eine luxuri\u00f6se \u00dcbernachtung im Hotel Botterweck in Valkenburg. Wundersch\u00f6n in der Landschaft von S\u00fcd-Limburg gelegen.","robots":{"index":"index","follow":"follow","max-snippet":"max-snippet:-1","max-image-preview":"max-image-preview:large","max-video-preview":"max-video-preview:-1"},"canonical":"http:\/\/hotelbotterweck.nl\/de\/praktische-information\/","og_locale":"de_DE","og_type":"article","og_title":"Praktische Info | Hotel Botterweck","og_description":"Tiefstpreisgarantie! Genie\u00dfen Sie eine luxuri\u00f6se \u00dcbernachtung im Hotel Botterweck in Valkenburg. Wundersch\u00f6n in der Landschaft von S\u00fcd-Limburg gelegen.","og_url":"http:\/\/hotelbotterweck.nl\/de\/praktische-information\/","og_site_name":"Hotel Botterweck","article_publisher":"https:\/\/www.facebook.com\/botterweckhotels\/","article_modified_time":"2024-02-15T13:21:59+00:00","twitter_card":"summary_large_image","schema":{"@context":"https:\/\/schema.org","@graph":[{"@type":"WebPage","@id":"http:\/\/hotelbotterweck.nl\/de\/praktische-information\/","url":"http:\/\/hotelbotterweck.nl\/de\/praktische-information\/","name":"Praktische Info | Hotel Botterweck","isPartOf":{"@id":"https:\/\/hotelbotterweck.nl\/de\/#website"},"datePublished":"2021-06-18T09:16:27+00:00","dateModified":"2024-02-15T13:21:59+00:00","description":"Tiefstpreisgarantie! Genie\u00dfen Sie eine luxuri\u00f6se \u00dcbernachtung im Hotel Botterweck in Valkenburg. Wundersch\u00f6n in der Landschaft von S\u00fcd-Limburg gelegen.","breadcrumb":{"@id":"http:\/\/hotelbotterweck.nl\/de\/praktische-information\/#breadcrumb"},"inLanguage":"de","potentialAction":[{"@type":"ReadAction","target":["http:\/\/hotelbotterweck.nl\/de\/praktische-information\/"]}]},{"@type":"BreadcrumbList","@id":"http:\/\/hotelbotterweck.nl\/de\/praktische-information\/#breadcrumb","itemListElement":[{"@type":"ListItem","position":1,"name":"Home","item":"https:\/\/hotelbotterweck.nl\/de\/"},{"@type":"ListItem","position":2,"name":"Praktische Info"}]},{"@type":"WebSite","@id":"https:\/\/hotelbotterweck.nl\/de\/#website","url":"https:\/\/hotelbotterweck.nl\/de\/","name":"Hotel Botterweck","description":"Hotel Botterweck","publisher":{"@id":"https:\/\/hotelbotterweck.nl\/de\/#organization"},"potentialAction":[{"@type":"SearchAction","target":{"@type":"EntryPoint","urlTemplate":"https:\/\/hotelbotterweck.nl\/de\/?s={search_term_string}"},"query-input":{"@type":"PropertyValueSpecification","valueRequired":true,"valueName":"search_term_string"}}],"inLanguage":"de"},{"@type":"Organization","@id":"https:\/\/hotelbotterweck.nl\/de\/#organization","name":"Hotel Botterweck","url":"https:\/\/hotelbotterweck.nl\/de\/","logo":{"@type":"ImageObject","inLanguage":"de","@id":"https:\/\/hotelbotterweck.nl\/de\/#\/schema\/logo\/image\/","url":"https:\/\/hotelbotterweck.nl\/wp-content\/uploads\/2021\/06\/logo-hotel-botterweck.png","contentUrl":"https:\/\/hotelbotterweck.nl\/wp-content\/uploads\/2021\/06\/logo-hotel-botterweck.png","width":1200,"height":450,"caption":"Hotel Botterweck"},"image":{"@id":"https:\/\/hotelbotterweck.nl\/de\/#\/schema\/logo\/image\/"},"sameAs":["https:\/\/www.facebook.com\/botterweckhotels\/","https:\/\/www.instagram.com\/hotelbotterweck\/"]}]}},"_links":{"self":[{"href":"https:\/\/hotelbotterweck.nl\/de\/wp-json\/wp\/v2\/pages\/4851","targetHints":{"allow":["GET"]}}],"collection":[{"href":"https:\/\/hotelbotterweck.nl\/de\/wp-json\/wp\/v2\/pages"}],"about":[{"href":"https:\/\/hotelbotterweck.nl\/de\/wp-json\/wp\/v2\/types\/page"}],"author":[{"embeddable":true,"href":"https:\/\/hotelbotterweck.nl\/de\/wp-json\/wp\/v2\/users\/1"}],"replies":[{"embeddable":true,"href":"https:\/\/hotelbotterweck.nl\/de\/wp-json\/wp\/v2\/comments?post=4851"}],"version-history":[{"count":4,"href":"https:\/\/hotelbotterweck.nl\/de\/wp-json\/wp\/v2\/pages\/4851\/revisions"}],"predecessor-version":[{"id":6909,"href":"https:\/\/hotelbotterweck.nl\/de\/wp-json\/wp\/v2\/pages\/4851\/revisions\/6909"}],"wp:attachment":[{"href":"https:\/\/hotelbotterweck.nl\/de\/wp-json\/wp\/v2\/media?parent=4851"}],"curies":[{"name":"wp","href":"https:\/\/api.w.org\/{rel}","templated":true}]}}